{"id":2,"date":"2018-12-03T14:59:31","date_gmt":"2018-12-03T16:59:31","guid":{"rendered":"https:\/\/rafaelmartins.odo.br\/portal\/?page_id=2"},"modified":"2022-05-16T19:14:18","modified_gmt":"2022-05-16T22:14:18","slug":"home","status":"publish","type":"page","link":"https:\/\/rafaelmartins.odo.br\/portal\/","title":{"rendered":"Home"},"content":{"rendered":"<section class=\"wpb-content-wrapper\">[vc_row fullwidth=&#8221;true&#8221; css=&#8221;.vc_custom_1543862792817{margin-top: -50px !important;}&#8221;][vc_column blend_mode=&#8221;multiply&#8221;][mk_edge_slider swiper_bg=&#8221;#dbdbdb&#8221; parallax=&#8221;true&#8221; order=&#8221;ASC&#8221; orderby=&#8221;post__in&#8221; full_height=&#8221;false&#8221; height=&#8221;594&#8243; slideshow_speed=&#8221;5857&#8243; direction_nav=&#8221;thumbflip&#8221; pagination=&#8221;none&#8221; skip_arrow=&#8221;false&#8221; slides=&#8221;21, 25, 13&#8243;][\/vc_column][\/vc_row][vc_row fullwidth=&#8221;true&#8221; equal_columns=&#8221;true&#8221; attached=&#8221;true&#8221;][vc_column width=&#8221;1\/3&#8243; css=&#8221;.vc_custom_1595167662113{background-color: rgba(45,45,43,0.01) !important;*background-color: rgb(45,45,43) !important;}&#8221;][mk_custom_box padding_horizental=&#8221;50&#8243; margin_bottom=&#8221;39&#8243; bg_color=&#8221;#d6d6d6&#8243; background_hov_color_style=&#8221;image&#8221; bg_hov_color=&#8221;#eae3e3&#8243; bg_image_hov_effect=&#8221;grayscale&#8221; elevation_effect=&#8221;true&#8221; elevation_effect_distance=&#8221;16&#8243;][vc_column_text css=&#8221;.vc_custom_1612040329992{margin-bottom: 0px !important;border-right-width: 0px !important;border-left-width: 0px !important;}&#8221;]\n<h3 style=\"color: #ffffff; text-align: center;\"><span style=\"color: #000000;\">CASOS CL\u00cdNICOS<\/span><\/h3>\n<p><img loading=\"lazy\" decoding=\"async\" class=\"aligncenter wp-image-21646\" src=\"https:\/\/rafaelmartins.odo.br\/portal\/wp-content\/uploads\/2018\/12\/rect4747.png\" alt=\"\" width=\"4\" height=\"30\" \/><\/p>\n<p style=\"text-align: left; color: #ffffff;\"><span style=\"color: #000000;\">Entenda nosso trabalho atrav\u00e9s dos casos cl\u00ednicos [&#8230;]<\/span><\/p>\n[\/vc_column_text][mk_button dimension=&#8221;outline&#8221; size=&#8221;large&#8221; url=&#8221;.\/casos-clinicos\/&#8221; align=&#8221;center&#8221;]Saiba Mais[\/mk_button][\/mk_custom_box][\/vc_column][vc_column width=&#8221;1\/3&#8243;][mk_custom_box padding_horizental=&#8221;50&#8243; bg_color=&#8221;#2d2d2b&#8221; background_hov_color_style=&#8221;image&#8221; bg_hov_color=&#8221;#0a0909&#8243; bg_image_hov_effect=&#8221;grayscale&#8221; elevation_effect=&#8221;true&#8221; elevation_effect_distance=&#8221;16&#8243;][vc_column_text css=&#8221;.vc_custom_1612049757467{margin-bottom: 0px !important;}&#8221;]\n<h3 style=\"color: #ffffff; text-align: center;\">NOSSO M\u00c9TODO<\/h3>\n<p><img loading=\"lazy\" decoding=\"async\" class=\"aligncenter wp-image-21646\" src=\"https:\/\/rafaelmartins.odo.br\/portal\/wp-content\/uploads\/2018\/12\/rect4747.png\" alt=\"\" width=\"4\" height=\"30\" \/><\/p>\n<p style=\"text-align: left; color: #ffffff;\">Oferecemos mais qualidade de vida aos pacientes [&#8230;]\n[\/vc_column_text][mk_button dimension=&#8221;outline&#8221; size=&#8221;large&#8221; url=&#8221;.\/quem-somos\/&#8221; align=&#8221;center&#8221; outline_skin=&#8221;light&#8221;]Saiba Mais[\/mk_button][\/mk_custom_box][\/vc_column][vc_column width=&#8221;1\/3&#8243;][mk_custom_box padding_horizental=&#8221;50&#8243; bg_color=&#8221;#d6d6d6&#8243; background_hov_color_style=&#8221;image&#8221; bg_hov_color=&#8221;#eae3e3&#8243; bg_image_hov_effect=&#8221;grayscale&#8221; elevation_effect=&#8221;true&#8221; elevation_effect_distance=&#8221;16&#8243;][vc_column_text css=&#8221;.vc_custom_1612040785782{margin-bottom: 0px !important;}&#8221;]\n<h3 style=\"color: #ffffff; text-align: center;\"><span style=\"color: #000000;\">DEPOIMENTOS<\/span><\/h3>\n<p><span style=\"color: #000000;\"><img loading=\"lazy\" decoding=\"async\" class=\"aligncenter wp-image-21646\" src=\"https:\/\/rafaelmartins.odo.br\/portal\/wp-content\/uploads\/2018\/12\/rect4747.png\" alt=\"\" width=\"4\" height=\"30\" \/><\/span><\/p>\n<p style=\"text-align: left; color: #ffffff;\"><span style=\"color: #000000;\">Confira os depoimentos. Veja quem confia em nosso trabalho [&#8230;]<\/span><\/p>\n[\/vc_column_text][mk_button dimension=&#8221;outline&#8221; size=&#8221;large&#8221; url=&#8221;#depoimentos&#8221; align=&#8221;center&#8221;]Saiba Mais[\/mk_button][\/mk_custom_box][\/vc_column][\/vc_row][vc_row fullwidth=&#8221;true&#8221; fullwidth_content=&#8221;false&#8221; css=&#8221;.vc_custom_1595188453962{background-color: #ededed !important;}&#8221;][vc_column width=&#8221;2\/3&#8243;][mk_padding_divider size=&#8221;81&#8243;][mk_fancy_title color=&#8221;#606060&#8243; size=&#8221;28&#8243; line_height=&#8221;64&#8243; font_weight=&#8221;600&#8243; txt_transform=&#8221;uppercase&#8221; font_family=&#8221;none&#8221; align=&#8221;center&#8221;]\n<h1 style=\"text-align: left;\">NOSSA MISS\u00c3O \u00c9 APLICAR<\/h1>\n<h1 style=\"text-align: left;\">EXCEL\u00caNCIA\u00a0 E INOVA\u00c7\u00c3O<\/h1>\n[\/mk_fancy_title][vc_separator color=&#8221;custom&#8221; align=&#8221;align_left&#8221; border_width=&#8221;3&#8243; el_width=&#8221;30&#8243; accent_color=&#8221;#c07947&#8243;][mk_padding_divider size=&#8221;23&#8243;][vc_column_text css=&#8221;.vc_custom_1595189687006{margin-right: 100px !important;margin-bottom: 0px !important;margin-left: 0px !important;}&#8221;]\n<div class=\"page\" title=\"Page 1\">\n<div class=\"section\">\n<div class=\"layoutArea\">\n<div class=\"column\">\n<p>Nosso Estu\u0301dio Odontolo\u0301gico dispo\u0303e de reabilitac\u0327a\u0303o oral completa, desde simples procedimentos como restaurac\u0327o\u0303es este\u0301ticas, ate\u0301 casos mais complexos que envolvem cirurgias de reconstruc\u0327o\u0303es, implantes e pro\u0301teses denta\u0301rias.<\/p>\n<p><strong>O objetivo e\u0301 dar conforto e melhorar o ritmo de vida dos nossos pacientes, tratando as causas e na\u0303o os efeitos da ma\u0301-sau\u0301de e este\u0301tica bucal.<\/strong><\/p>\n<p>A atualizac\u0327a\u0303o e\u0301 o nosso compromisso. Estamos sempre conectados com as inovac\u0327o\u0303es do mercado (procedimentos e tecnologias). Nosso maior objetivo <strong>e\u0301 transformar o tratamento odontolo\u0301gico em uma experie\u0302ncia de excele\u0302ncia: indolor, mais ra\u0301pida e com o\u0301timos resultados este\u0301ticos.<\/strong><\/p>\n<\/div>\n<\/div>\n<\/div>\n<\/div>\n[\/vc_column_text][\/vc_column][vc_column width=&#8221;1\/3&#8243;][mk_padding_divider][vc_single_image image=&#8221;21830&#8243; img_size=&#8221;full&#8221;][\/vc_column][\/vc_row][vc_row fullwidth=&#8221;true&#8221; fullwidth_content=&#8221;false&#8221; css=&#8221;.vc_custom_1612043015774{background-color: #ffffff !important;}&#8221; id=&#8221;estudio&#8221;][vc_column width=&#8221;1\/2&#8243;][mk_padding_divider size=&#8221;81&#8243;][mk_fancy_title color=&#8221;#606060&#8243; size=&#8221;28&#8243; line_height=&#8221;64&#8243; font_weight=&#8221;600&#8243; txt_transform=&#8221;uppercase&#8221; font_family=&#8221;none&#8221; align=&#8221;center&#8221;]\n<h1 style=\"text-align: left;\">CONHE\u00c7A O<\/h1>\n<h1 style=\"text-align: left;\">NOSSO EST\u00daDIO<\/h1>\n[\/mk_fancy_title][vc_separator color=&#8221;custom&#8221; align=&#8221;align_left&#8221; border_width=&#8221;3&#8243; el_width=&#8221;30&#8243; accent_color=&#8221;#c07947&#8243;][mk_padding_divider size=&#8221;23&#8243;][vc_column_text css=&#8221;.vc_custom_1612041893134{margin-right: 100px !important;margin-bottom: 0px !important;margin-left: 0px !important;}&#8221;]Navegue nas imagens ao lado para conhecer o nosso espa\u00e7o. Toda a estrutura f\u00edsica e de equipamentos segue as normas de biosseguran\u00e7a e \u00e9 regulamentada e aprovada pela Vigil\u00e2ncia Sanit\u00e1rio e pelo Conselho Regional de Odontologia.[\/vc_column_text][\/vc_column][vc_column width=&#8221;1\/2&#8243;][mk_padding_divider][vc_gallery type=&#8221;nivo&#8221; interval=&#8221;3&#8243; images=&#8221;21996,21997,21998,21999,22000,22001,22002,22003,22005,22006&#8243; img_size=&#8221;500&#215;375&#8243;][\/vc_column][\/vc_row][vc_row fullwidth=&#8221;true&#8221; css=&#8221;.vc_custom_1612737295720{background-color: #c4c0c0 !important;}&#8221;][vc_column][mk_padding_divider size=&#8221;81&#8243;][mk_fancy_title color=&#8221;#606060&#8243; size=&#8221;28&#8243; font_weight=&#8221;600&#8243; txt_transform=&#8221;uppercase&#8221; font_family=&#8221;none&#8221; align=&#8221;center&#8221;]\n<h1><span style=\"color: #ffffff;\">Depoimentos<\/span><\/h1>\n[\/mk_fancy_title][vc_single_image image=&#8221;146&#8243; img_size=&#8221;2&#215;40&#8243; alignment=&#8221;center&#8221;][vc_row_inner el_id=&#8221;depoimentos&#8221;][vc_column_inner width=&#8221;1\/3&#8243;][\/vc_column_inner][vc_column_inner width=&#8221;1\/3&#8243;][mk_testimonials style=&#8221;boxed&#8221; count=&#8221;-1&#8243; text_color=&#8221;#848484&#8243; author_color=&#8221;#eaeaea&#8221; skill_color=&#8221;#c07947&#8243; font_size=&#8221;14&#8243;][\/vc_column_inner][vc_column_inner width=&#8221;1\/3&#8243;][\/vc_column_inner][\/vc_row_inner][\/vc_column][\/vc_row][vc_row fullwidth=&#8221;true&#8221; fullwidth_content=&#8221;false&#8221; css=&#8221;.vc_custom_1612121512149{background-color: #ffffff !important;}&#8221;][vc_column][mk_padding_divider][mk_fancy_title color=&#8221;#606060&#8243; size=&#8221;28&#8243; font_weight=&#8221;600&#8243; txt_transform=&#8221;uppercase&#8221; font_family=&#8221;none&#8221; align=&#8221;center&#8221;]\n<h1>ESPECIALIDADES<\/h1>\n[\/mk_fancy_title][vc_single_image image=&#8221;146&#8243; img_size=&#8221;2&#215;40&#8243; alignment=&#8221;center&#8221;][mk_fancy_title color=&#8221;#dd9933&#8243; size=&#8221;22&#8243; font_weight=&#8221;500&#8243; font_style=&#8221;italic&#8221; txt_transform=&#8221;none&#8221; font_family=&#8221;Garamond, serif&#8221; font_type=&#8221;safefont&#8221; align=&#8221;center&#8221;]\n<div class=\"page\" title=\"Page 1\">\n<div class=\"section\">\n<div class=\"layoutArea\">\n<div class=\"column\">\n<p><span style=\"color: #333333;\">Integra\u00e7\u00e3o da Odontologia e Excel\u00eancia<\/span><\/p>\n<\/div>\n<\/div>\n<\/div>\n<\/div>\n[\/mk_fancy_title][mk_padding_divider size=&#8221;29&#8243;][vc_column_text css=&#8221;.vc_custom_1595192547673{margin-right: 100px !important;margin-bottom: 0px !important;margin-left: 100px !important;}&#8221;]\n<div class=\"page\" title=\"Page 1\">\n<div class=\"section\">\n<div class=\"layoutArea\">\n<div class=\"column\">\n<p><span style=\"color: #333333;\">Nosso foco e\u0301 a Odontologia Integrada, que visa entender o estilo de vida do paciente <\/span><span style=\"color: #333333;\">e aplicar as especialidades odontolo\u0301gicas a fim de <\/span><span style=\"color: #333333;\">aumentar a sua qualidade de vida.<\/span><\/p>\n<\/div>\n<\/div>\n<\/div>\n<\/div>\n<p>Portanto, atendemos em m\u00faltiplas especialidades de forma integrada, com os melhores profissionais de cada \u00e1rea e a assinatura do Dr. Rafael Martins. <strong>Nossas especialidades s\u00e3o: Pr\u00f3teses Dent\u00e1rias, Est\u00e9tica Odontol\u00f3gica, Ortodontia, Endodontia, Implantodontia e Cirurgia Oral Menor.<\/strong>[\/vc_column_text][mk_button dimension=&#8221;flat&#8221; size=&#8221;large&#8221; url=&#8221;\/portal\/especialidades\/&#8221; align=&#8221;center&#8221;]Saiba Mais[\/mk_button][\/vc_column][\/vc_row][vc_row fullwidth=&#8221;true&#8221;][vc_column][mk_padding_divider size=&#8221;80&#8243;][mk_fancy_title color=&#8221;#dd9933&#8243; size=&#8221;22&#8243; font_weight=&#8221;500&#8243; font_style=&#8221;italic&#8221; txt_transform=&#8221;none&#8221; font_family=&#8221;Garamond, serif&#8221; font_type=&#8221;safefont&#8221; align=&#8221;center&#8221;]\n<h2><span style=\"color: #333333;\">Acompanhe Dr. Rafael Martins<\/span><\/h2>\n[\/mk_fancy_title][mk_padding_divider][mk_blog style=&#8221;grid&#8221; image_size=&#8221;medium&#8221; post_count=&#8221;3&#8243; pagination=&#8221;false&#8221;][mk_button_gradient dimension=&#8221;flat&#8221; size=&#8221;large&#8221; corner_style=&#8221;rounded&#8221; grandient_color_from=&#8221;#f97352&#8243; grandient_color_to=&#8221;#f97352&#8243; grandient_color_angle=&#8221;horizontal&#8221; grandient_color_fallback=&#8221;#f97352&#8243; url=&#8221;.\/noticias\/&#8221; align=&#8221;center&#8221; margin_bottom=&#8221;0&#8243; margin_right=&#8221;20&#8243;]MAIS NOT\u00cdCIAS[\/mk_button_gradient][mk_padding_divider size=&#8221;80&#8243;][\/vc_column][\/vc_row][vc_row fullwidth=&#8221;true&#8221; fullwidth_content=&#8221;false&#8221; css=&#8221;.vc_custom_1595193410846{background-color: #bfdadc !important;}&#8221;][vc_column][mk_padding_divider size=&#8221;80&#8243;][mk_fancy_title color=&#8221;#606060&#8243; size=&#8221;28&#8243; font_weight=&#8221;600&#8243; txt_transform=&#8221;uppercase&#8221; font_family=&#8221;none&#8221; align=&#8221;center&#8221;]\n<div class=\"page\" title=\"Page 1\">\n<div class=\"section\">\n<div class=\"layoutArea\">\n<div class=\"column\">\n<p>Agende sua consulta agora<\/p>\n<\/div>\n<\/div>\n<\/div>\n<\/div>\n[\/mk_fancy_title][vc_single_image image=&#8221;146&#8243; img_size=&#8221;2&#215;40&#8243; alignment=&#8221;center&#8221;][mk_fancy_title color=&#8221;#dd9933&#8243; size=&#8221;22&#8243; font_weight=&#8221;500&#8243; font_style=&#8221;italic&#8221; txt_transform=&#8221;none&#8221; font_family=&#8221;Garamond, serif&#8221; font_type=&#8221;safefont&#8221; align=&#8221;center&#8221;]<span style=\"color: #333333;\">Ou ligue para <a title=\"FONE\" href=\"tel:222733035\" target=\"_blank\" rel=\"noopener noreferrer\">(22) 2273-30355<\/a> | <a title=\"CELULAR\" href=\"tel:22992148802\" target=\"_blank\" rel=\"noopener noreferrer\">(22) 99214-8802<\/a><\/span>[\/mk_fancy_title][mk_padding_divider size=&#8221;20&#8243;][mk_button dimension=&#8221;flat&#8221; size=&#8221;large&#8221; url=&#8221;.\/agendamento-de-consulta\/&#8221; align=&#8221;center&#8221;]AGENDAR[\/mk_button][mk_padding_divider size=&#8221;80&#8243;][\/vc_column][\/vc_row]\n<\/section>","protected":false},"excerpt":{"rendered":"<p>[vc_row fullwidth=&#8221;true&#8221; css=&#8221;.vc_custom_1543862792817{margin-top: -50px !important;}&#8221;][vc_column blend_mode=&#8221;multiply&#8221;][mk_edge_slider swiper_bg=&#8221;#dbdbdb&#8221; parallax=&#8221;true&#8221; order=&#8221;ASC&#8221; orderby=&#8221;post__in&#8221; full_height=&#8221;false&#8221; height=&#8221;594&#8243; slideshow_speed=&#8221;5857&#8243; direction_nav=&#8221;thumbflip&#8221; pagination=&#8221;none&#8221; skip_arrow=&#8221;false&#8221; slides=&#8221;21, 25, 13&#8243;][\/vc_column][\/vc_row][vc_row fullwidth=&#8221;true&#8221; equal_columns=&#8221;true&#8221; attached=&#8221;true&#8221;][vc_column width=&#8221;1\/3&#8243; css=&#8221;.vc_custom_1595167662113{background-color: rgba(45,45,43,0.01) !important;*background-color: rgb(45,45,43) !important;}&#8221;][mk_custom_box padding_horizental=&#8221;50&#8243; margin_bottom=&#8221;39&#8243; bg_color=&#8221;#d6d6d6&#8243; background_hov_color_style=&#8221;image&#8221; bg_hov_color=&#8221;#eae3e3&#8243; bg_image_hov_effect=&#8221;grayscale&#8221; elevation_effect=&#8221;true&#8221; elevation_effect_distance=&#8221;16&#8243;][vc_column_text css=&#8221;.vc_custom_1612040329992{margin-bottom: 0px !important;border-right-width: 0px !important;border-left-width: 0px !important;}&#8221;] CASOS CL\u00cdNICOS Entenda nosso trabalho atrav\u00e9s dos casos cl\u00ednicos [&#8230;] [\/vc_column_text][mk_button dimension=&#8221;outline&#8221; [&hellip;]<\/p>\n","protected":false},"author":1,"featured_media":0,"parent":0,"menu_order":0,"comment_status":"closed","ping_status":"closed","template":"","meta":{"footnotes":""},"class_list":["post-2","page","type-page","status-publish","hentry"],"_links":{"self":[{"href":"https:\/\/rafaelmartins.odo.br\/portal\/wp-json\/wp\/v2\/pages\/2","targetHints":{"allow":["GET"]}}],"collection":[{"href":"https:\/\/rafaelmartins.odo.br\/portal\/wp-json\/wp\/v2\/pages"}],"about":[{"href":"https:\/\/rafaelmartins.odo.br\/portal\/wp-json\/wp\/v2\/types\/page"}],"author":[{"embeddable":true,"href":"https:\/\/rafaelmartins.odo.br\/portal\/wp-json\/wp\/v2\/users\/1"}],"replies":[{"embeddable":true,"href":"https:\/\/rafaelmartins.odo.br\/portal\/wp-json\/wp\/v2\/comments?post=2"}],"version-history":[{"count":163,"href":"https:\/\/rafaelmartins.odo.br\/portal\/wp-json\/wp\/v2\/pages\/2\/revisions"}],"predecessor-version":[{"id":22211,"href":"https:\/\/rafaelmartins.odo.br\/portal\/wp-json\/wp\/v2\/pages\/2\/revisions\/22211"}],"wp:attachment":[{"href":"https:\/\/rafaelmartins.odo.br\/portal\/wp-json\/wp\/v2\/media?parent=2"}],"curies":[{"name":"wp","href":"https:\/\/api.w.org\/{rel}","templated":true}]}}