{"id":21445,"date":"2018-12-05T15:43:42","date_gmt":"2018-12-05T17:43:42","guid":{"rendered":"https:\/\/rafaelmartins.odo.br\/portal\/?page_id=21445"},"modified":"2021-03-17T09:53:24","modified_gmt":"2021-03-17T12:53:24","slug":"quem-somos","status":"publish","type":"page","link":"https:\/\/rafaelmartins.odo.br\/portal\/quem-somos\/","title":{"rendered":"Quem Somos"},"content":{"rendered":"<section class=\"wpb-content-wrapper\">[mk_page_section vertical_align=&#8221;top&#8221; layout_structure=&#8221;half_left&#8221; bg_image=&#8221;https:\/\/rafaelmartins.odo.br\/portal\/wp-content\/uploads\/2020\/07\/capa-quem-somos-2.jpg&#8221; bg_color=&#8221;rgba(45,45,43,0.86)&#8221; bg_stretch=&#8221;true&#8221; video_mask=&#8221;true&#8221; video_color_mask=&#8221;#ffffff&#8221; video_opacity=&#8221;0.3&#8243; top_shadow=&#8221;true&#8221; min_height=&#8221;194&#8243; full_width=&#8221;true&#8221; full_height=&#8221;true&#8221; skip_arrow=&#8221;true&#8221; top_shape_size=&#8221;small&#8221; top_shape_color=&#8221;#bfdadc&#8221; bottom_shape_size=&#8221;small&#8221; bottom_shape_color=&#8221;#bfdadc&#8221;][vc_column][mk_padding_divider size=&#8221;119&#8243;][mk_fancy_title color_style=&#8221;gradient_color&#8221; grandient_color_from=&#8221;#ffffff&#8221; grandient_color_to=&#8221;#ffffff&#8221; size=&#8221;28&#8243; font_weight=&#8221;600&#8243; txt_transform=&#8221;uppercase&#8221; font_family=&#8221;none&#8221; align=&#8221;center&#8221;]\n<h2 class=\"p1\">O objetivo \u00e9 dar conforto e melhorar o ritmo de vida dos nossos pacientes, tratando as causas e n\u00e3o os efeitos da m\u00e1-sa\u00fade e est\u00e9tica bucal.<\/h2>\n[\/mk_fancy_title][vc_single_image image=&#8221;146&#8243; img_size=&#8221;2&#215;40&#8243; alignment=&#8221;center&#8221;][mk_padding_divider][mk_fancy_title color_style=&#8221;gradient_color&#8221; grandient_color_from=&#8221;#ffffff&#8221; grandient_color_to=&#8221;#ffffff&#8221; grandient_color_fallback=&#8221;#ffffff&#8221; size=&#8221;22&#8243; font_weight=&#8221;600&#8243; font_style=&#8221;italic&#8221; txt_transform=&#8221;none&#8221; font_family=&#8221;Garamond, serif&#8221; font_type=&#8221;safefont&#8221; align=&#8221;center&#8221;]-Rafael Martins[\/mk_fancy_title][mk_padding_divider size=&#8221;30&#8243;][\/vc_column][\/mk_page_section][vc_row][vc_column][mk_padding_divider size=&#8221;60&#8243;][vc_separator color=&#8221;custom&#8221; border_width=&#8221;8&#8243; el_width=&#8221;10&#8243; accent_color=&#8221;#c07947&#8243;][\/vc_column][vc_column][mk_fancy_title color=&#8221;#606060&#8243; size=&#8221;28&#8243; font_weight=&#8221;600&#8243; txt_transform=&#8221;uppercase&#8221; font_family=&#8221;none&#8221; align=&#8221;center&#8221;]\n<h3 style=\"text-align: center;\">BEM VINDO AO<br \/>\nNOSSO EST\u00daDIO ODONTOL\u00d3GICO<\/h3>\n[\/mk_fancy_title][mk_padding_divider size=&#8221;20&#8243;][vc_column_text css=&#8221;.vc_custom_1595256057824{margin-bottom: 0px !important;}&#8221;]Nosso est\u00fadio possui uma excelente estrutura f\u00edsica com equipamentos de \u00faltima gera\u00e7\u00e3o e profissionais especialistas nas diversas \u00e1reas afins (endodontia, pr\u00f3tese dent\u00e1ria, periodontia, est\u00e9tica, reabilita\u00e7\u00e3o oral, cirurgia oral menor, implantes e ortodontia), o que garante aos pacientes um excelente atendimento e tratamentos funcionais.[\/vc_column_text][\/vc_column][\/vc_row][vc_row][vc_column][vc_separator color=&#8221;custom&#8221; border_width=&#8221;8&#8243; el_width=&#8221;10&#8243; accent_color=&#8221;#c07947&#8243;][mk_fancy_title color=&#8221;#606060&#8243; size=&#8221;28&#8243; font_weight=&#8221;600&#8243; txt_transform=&#8221;uppercase&#8221; font_family=&#8221;none&#8221; align=&#8221;center&#8221;]\n<h3>DR. RAFAEL MARTINS<\/h3>\n[\/mk_fancy_title][\/vc_column][\/vc_row][vc_row][vc_column][vc_single_image image=&#8221;21882&#8243; img_size=&#8221;large&#8221; alignment=&#8221;center&#8221;][vc_column_text css=&#8221;.vc_custom_1595256747585{margin-bottom: 0px !important;}&#8221;]\n<p class=\"p1\">Dr. Rafael Martins atua em Odontologia desde 1999, formado pela Faculdade de Odontologia de Campos, em dezembro de 1995. Especializou-se em Periodontia e Pr\u00f3tese Dent\u00e1ria, com aperfei\u00e7oamento em Cirurgia de Implante e Pr\u00f3tese sobre Implante. Tamb\u00e9m formou-se Mestre em Odontologia Cl\u00ednica na \u00e1rea de concentra\u00e7\u00e3o de Periodontia pela UERJ. Al\u00e9m disso, fez v\u00e1rios cursos de est\u00e9tica dent\u00e1ria com renomados professores, de n\u00edvel internacional, inclusive no Fahl Center.<\/p>\n<p class=\"p1\">Hoje, Dr. Rafael Martins desenvolve um excelente trabalho na \u00e1rea de Est\u00e9tica em Campos, onde, a partir da uni\u00e3o de \u00e1reas afins da Odontologia, oferece tratamentos eficazes, indolores, com resultados de alto padr\u00e3o para a sa\u00fade e imagem dos seus pacientes.<\/p>\n<p class=\"p1\"><strong>Seu maior diferencial \u00e9 a abordagem da Odontologia Integrada, que \u00e9 capaz de melhorar o ritmo de vida dos pacientes, com resultados est\u00e9ticos de ponta.<\/strong><\/p>\n[\/vc_column_text][\/vc_column][\/vc_row][vc_row css=&#8221;.vc_custom_1595254642402{background-color: #ededed !important;}&#8221;][vc_column][mk_padding_divider size=&#8221;100&#8243;][vc_separator color=&#8221;custom&#8221; border_width=&#8221;8&#8243; el_width=&#8221;10&#8243; accent_color=&#8221;#c07947&#8243;][mk_fancy_title color=&#8221;#606060&#8243; size=&#8221;28&#8243; font_weight=&#8221;600&#8243; txt_transform=&#8221;uppercase&#8221; font_family=&#8221;none&#8221; align=&#8221;center&#8221;]\n<h3>INSTALA\u00c7\u00d5ES<\/h3>\n[\/mk_fancy_title][mk_image_slideshow images=&#8221;21874,21871,21880,21869,21477,21478,21479,21480,21481,21482,21483,21484,21485,21486,21487,21868,21870,21872,21875,21876,21877,21878,21879&#8243; image_width=&#8221;600&#8243; image_height=&#8221;400&#8243; pause_on_hover=&#8221;true&#8221; smooth_height=&#8221;false&#8221;][mk_padding_divider size=&#8221;100&#8243;][vc_column_text css=&#8221;.vc_custom_1595254865761{margin-bottom: 0px !important;}&#8221;]O Consult\u00f3rio Odontol\u00f3gico Rafael Martins conta com amplas e modernas instala\u00e7\u00f5es, dispondo de Centro Cir\u00fargico, 3 (tr\u00eas) consult\u00f3rios totalmente equipados; sala pr\u00f3pria de esteriliza\u00e7\u00e3o; confort\u00e1vel e elegante sala de espera; \u00f3tima climatiza\u00e7\u00e3o; f\u00e1cil estacionamento e excelente localiza\u00e7\u00e3o, situado no edif\u00edcio Medical Center.<\/p>\n<p>Toda a estrutura f\u00edsica e de equipamentos seguem as normas de biosseguran\u00e7a e s\u00e3o regulamentados e aprovados pela Vigil\u00e2ncia Sanit\u00e1ria e pelo Conselho Regional de Odontologia.[\/vc_column_text][mk_padding_divider][vc_separator color=&#8221;custom&#8221; border_width=&#8221;8&#8243; el_width=&#8221;10&#8243; accent_color=&#8221;#c07947&#8243;][mk_fancy_title color=&#8221;#606060&#8243; size=&#8221;28&#8243; font_weight=&#8221;600&#8243; txt_transform=&#8221;uppercase&#8221; font_family=&#8221;none&#8221; align=&#8221;center&#8221;]\n<h3>PROFISSIONAIS<\/h3>\n[\/mk_fancy_title][vc_column_text css=&#8221;.vc_custom_1544101374084{margin-bottom: 0px !important;}&#8221;]Todos os profissionais que comp\u00f5em a equipe t\u00e9cnica do Consult\u00f3rio, bem como seus colaboradores, est\u00e3o voltados exclusivamente para um atendimento personalizado, prezando a \u00e9tica profissional e a satisfa\u00e7\u00e3o plena dos procedimentos realizados.<\/p>\n<p>Trabalhando no conceito de Odontologia Integrada, o Centro Odontol\u00f3gico Rafael Martins tem como miss\u00e3o orientar, diagnosticar, prevenir, tratar e promover a sa\u00fade bucal como um todo, atuando em diversas especialidades da Odontologia.[\/vc_column_text][vc_row_inner][vc_column_inner][vc_separator color=&#8221;custom&#8221; border_width=&#8221;8&#8243; el_width=&#8221;10&#8243; accent_color=&#8221;#c07947&#8243;][mk_fancy_title color=&#8221;#606060&#8243; size=&#8221;20&#8243; font_weight=&#8221;600&#8243; txt_transform=&#8221;uppercase&#8221; font_family=&#8221;none&#8221; align=&#8221;center&#8221;]\n<h4>AGENDE UMA CONSULTA OU LIGUE PARA <a title=\"FONE\" href=\"tel:222733035\" target=\"_blank\" rel=\"noopener noreferrer\">(22) 2273-30355<\/a> | <a title=\"CELULAR\" href=\"tel:22992148802\" target=\"_blank\" rel=\"noopener noreferrer\">(22) 99214-8802<\/a><\/h4>\n[\/mk_fancy_title][mk_fancy_title color=&#8221;#dd9933&#8243; size=&#8221;18&#8243; font_weight=&#8221;500&#8243; font_style=&#8221;italic&#8221; txt_transform=&#8221;none&#8221; font_family=&#8221;Garamond, serif&#8221; font_type=&#8221;safefont&#8221; align=&#8221;center&#8221;]Quando da solicita\u00e7\u00e3o, caso o dia e\/ou hor\u00e1rio n\u00e3o estejam dispon\u00edveis, informaremos em tempo h\u00e1bil data e hor\u00e1rio alternativos.[\/mk_fancy_title][mk_button dimension=&#8221;flat&#8221; size=&#8221;medium&#8221; url=&#8221;.\/agendamento-de-consulta\/&#8221; align=&#8221;center&#8221;]AGENDAR[\/mk_button][mk_padding_divider size=&#8221;100&#8243;][vc_separator color=&#8221;custom&#8221; border_width=&#8221;8&#8243; el_width=&#8221;10&#8243; accent_color=&#8221;#c07947&#8243;][mk_fancy_title color=&#8221;#606060&#8243; size=&#8221;20&#8243; font_weight=&#8221;600&#8243; txt_transform=&#8221;uppercase&#8221; font_family=&#8221;none&#8221; align=&#8221;center&#8221;]\n<h3>Depoimentos<\/h3>\n[\/mk_fancy_title][mk_fancy_title color=&#8221;#dd9933&#8243; size=&#8221;18&#8243; font_weight=&#8221;500&#8243; font_style=&#8221;italic&#8221; txt_transform=&#8221;none&#8221; font_family=&#8221;Garamond, serif&#8221; font_type=&#8221;safefont&#8221; align=&#8221;center&#8221;]A Opini\u00e3o de Nossos Clientes[\/mk_fancy_title][mk_testimonials style=&#8221;simple&#8221; count=&#8221;-1&#8243; text_color=&#8221;#848484&#8243; skill_color=&#8221;#000000&#8243; font_size=&#8221;14&#8243;][\/vc_column_inner][\/vc_row_inner][\/vc_column][\/vc_row][vc_row][vc_column][\/vc_column][\/vc_row]\n<\/section>","protected":false},"excerpt":{"rendered":"<p>[mk_page_section vertical_align=&#8221;top&#8221; layout_structure=&#8221;half_left&#8221; bg_image=&#8221;https:\/\/rafaelmartins.odo.br\/portal\/wp-content\/uploads\/2020\/07\/capa-quem-somos-2.jpg&#8221; bg_color=&#8221;rgba(45,45,43,0.86)&#8221; bg_stretch=&#8221;true&#8221; video_mask=&#8221;true&#8221; video_color_mask=&#8221;#ffffff&#8221; video_opacity=&#8221;0.3&#8243; top_shadow=&#8221;true&#8221; min_height=&#8221;194&#8243; full_width=&#8221;true&#8221; full_height=&#8221;true&#8221; skip_arrow=&#8221;true&#8221; top_shape_size=&#8221;small&#8221; top_shape_color=&#8221;#bfdadc&#8221; bottom_shape_size=&#8221;small&#8221; bottom_shape_color=&#8221;#bfdadc&#8221;][vc_column][mk_padding_divider size=&#8221;119&#8243;][mk_fancy_title color_style=&#8221;gradient_color&#8221; grandient_color_from=&#8221;#ffffff&#8221; grandient_color_to=&#8221;#ffffff&#8221; size=&#8221;28&#8243; font_weight=&#8221;600&#8243; txt_transform=&#8221;uppercase&#8221; font_family=&#8221;none&#8221; align=&#8221;center&#8221;] O objetivo \u00e9 dar conforto e melhorar o ritmo de vida dos nossos pacientes, tratando as causas e n\u00e3o os efeitos da m\u00e1-sa\u00fade e est\u00e9tica bucal. [\/mk_fancy_title][vc_single_image image=&#8221;146&#8243; [&hellip;]<\/p>\n","protected":false},"author":1,"featured_media":0,"parent":0,"menu_order":0,"comment_status":"closed","ping_status":"closed","template":"","meta":{"footnotes":""},"class_list":["post-21445","page","type-page","status-publish","hentry"],"_links":{"self":[{"href":"https:\/\/rafaelmartins.odo.br\/portal\/wp-json\/wp\/v2\/pages\/21445","targetHints":{"allow":["GET"]}}],"collection":[{"href":"https:\/\/rafaelmartins.odo.br\/portal\/wp-json\/wp\/v2\/pages"}],"about":[{"href":"https:\/\/rafaelmartins.odo.br\/portal\/wp-json\/wp\/v2\/types\/page"}],"author":[{"embeddable":true,"href":"https:\/\/rafaelmartins.odo.br\/portal\/wp-json\/wp\/v2\/users\/1"}],"replies":[{"embeddable":true,"href":"https:\/\/rafaelmartins.odo.br\/portal\/wp-json\/wp\/v2\/comments?post=21445"}],"version-history":[{"count":57,"href":"https:\/\/rafaelmartins.odo.br\/portal\/wp-json\/wp\/v2\/pages\/21445\/revisions"}],"predecessor-version":[{"id":22156,"href":"https:\/\/rafaelmartins.odo.br\/portal\/wp-json\/wp\/v2\/pages\/21445\/revisions\/22156"}],"wp:attachment":[{"href":"https:\/\/rafaelmartins.odo.br\/portal\/wp-json\/wp\/v2\/media?parent=21445"}],"curies":[{"name":"wp","href":"https:\/\/api.w.org\/{rel}","templated":true}]}}