{"id":3,"date":"2018-12-03T14:59:31","date_gmt":"2018-12-03T16:59:31","guid":{"rendered":"https:\/\/rafaelmartins.odo.br\/portal\/?page_id=3"},"modified":"2021-03-06T12:06:44","modified_gmt":"2021-03-06T15:06:44","slug":"politica-de-privacidade","status":"publish","type":"page","link":"https:\/\/rafaelmartins.odo.br\/portal\/politica-de-privacidade\/","title":{"rendered":"Pol\u00edtica de privacidade"},"content":{"rendered":"<p>I &#8211; QUEM SOMOS<\/p>\n<p>O website www.rafaelmartins.odo.br \u00e9 de propriedade de Rafael Martins Est\u00fadio Odontol\u00f3gico Eireli, CNPJ 33.484.935\/0001-40.<\/p>\n<p>II \u2013 QUAIS DADOS PESSOAIS COLETAMOS<\/p>\n<p>O website www.rafaelmartins.odo.br coleta informa\u00e7\u00f5es do usu\u00e1rio de modo a prover servi\u00e7os de forma personalizada atrav\u00e9s de formul\u00e1rios de contato, newsletter, notifica\u00e7\u00f5es \u201cpush\u201d, formul\u00e1rio de coment\u00e1rios \u201ccookies\u201d. Essas informa\u00e7\u00f5es s\u00e3o importantes para que possamos oferecer um site personalizado e com servi\u00e7os \u00fateis aos visitantes. N\u00f3s tamb\u00e9m podemos usar suas informa\u00e7\u00f5es para contat\u00e1-lo, sempre que houver motivo relevante e de seu interesse.<\/p>\n<p>A) ENCERRAMENTO DE RECEBIMENTO DE E-MAIL \u2013 UNSUBSCRIBE\/OPT-OUT<\/p>\n<p>Os usu\u00e1rios podem optar por para de receber os e-mails promocionais da www.rafaelmartins.odo.br. Para isso, \u00e9 necess\u00e1rio seguir o link especificado no rodap\u00e9 de todo e-mail promocional enviado pela www.rafaelmartins.odo.br. Nesse link \u00e9 poss\u00edvel configurar as suas prefer\u00eancias de recebimento de e-mail.<\/p>\n<p>B) COMENT\u00c1RIOS<\/p>\n<p>Quando os visitantes deixam coment\u00e1rios no site, coletamos os dados mostrados no formul\u00e1rio de coment\u00e1rios, al\u00e9m do endere\u00e7o de IP e de dados do navegador do visitante, para auxiliar na detec\u00e7\u00e3o de spam. Uma sequ\u00eancia anonimizada de caracteres criada a partir do seu e-mail (tamb\u00e9m chamada de hash) poder\u00e1 ser enviada para o Gravatar para verificar se voc\u00ea usa o servi\u00e7o. A pol\u00edtica de privacidade do Gravatar est\u00e1 dispon\u00edvel aqui: https:\/\/automattic.com\/privacy\/. Depois da aprova\u00e7\u00e3o do seu coment\u00e1rio, a foto do seu perfil fica vis\u00edvel publicamente junto de seu coment\u00e1rio.<\/p>\n<p>C) M\u00cdDIA<\/p>\n<p>Se voc\u00ea enviar imagens para o site, evite enviar as que contenham dados de localiza\u00e7\u00e3o incorporados (EXIF GPS). Visitantes podem baixar estas imagens do site e extrair delas seus dados de localiza\u00e7\u00e3o.<\/p>\n<p>D) COOKIES<\/p>\n<p>Ao deixar um coment\u00e1rio no site, voc\u00ea poder\u00e1 optar por salvar seu nome, e-mail e site nos cookies. Isso pretende garantir a sua comodidade, assim voc\u00ea n\u00e3o precisar\u00e1 preencher seus dados novamente quando fizer outro coment\u00e1rio. Estes cookies duram um ano. Se voc\u00ea tem uma conta e acessa este site, um cookie tempor\u00e1rio ser\u00e1 criado para determinar se seu navegador aceita cookies. Ele n\u00e3o cont\u00e9m nenhum dado pessoal e ser\u00e1 descartado quando voc\u00ea fechar seu navegador. Quando voc\u00ea acessa sua conta no site, tamb\u00e9m criamos v\u00e1rios cookies para salvar os dados da sua conta e suas escolhas de exibi\u00e7\u00e3o de tela. Cookies de login s\u00e3o mantidos por dois dias e cookies de op\u00e7\u00f5es de tela por um ano. Se voc\u00ea selecionar \u201cLembrar-me\u201d, seu acesso ser\u00e1 mantido por duas semanas. Se voc\u00ea se desconectar da sua conta, os cookies de login ser\u00e3o removidos. Se voc\u00ea editar ou publicar um artigo, um cookie adicional ser\u00e1 salvo no seu navegador. Este cookie n\u00e3o inclui nenhum dado pessoal e simplesmente indica o ID do post referente ao artigo que voc\u00ea acabou de editar. Ele expira depois de 1 dia.<\/p>\n<p>E) M\u00cdDIA INCORPORADA DE OUTROS SITES<\/p>\n<p>Artigos neste site podem incluir conte\u00fado incorporado como, por exemplo, v\u00eddeos, imagens, artigos, etc. Conte\u00fados incorporados de outros sites se comportam exatamente da mesma forma como se o visitante estivesse visitando o outro site. Estes sites podem coletar dados sobre voc\u00ea, usar cookies, incorporar rastreamento adicionar de terceiros e monitorar sua intera\u00e7\u00e3o com este conte\u00fado incorporado, incluindo sua intera\u00e7\u00e3o com o conte\u00fado incorporado se voc\u00ea tem uma conta e est\u00e1 conectado com o site.<\/p>\n<p>III \u2013 POR QUANTO TEMPO MANTEMOS OS SEUS DADOS<\/p>\n<p>Se voc\u00ea deixar um coment\u00e1rio, o coment\u00e1rio e os seus metadados s\u00e3o conservados indefinidamente. Fazemos isso para que seja poss\u00edvel reconhecer e aprovar automaticamente qualquer coment\u00e1rio posterior ao inv\u00e9s de ret\u00ea-lo para modera\u00e7\u00e3o. Para usu\u00e1rios que se registram no nosso site (se houver), tamb\u00e9m guardamos as informa\u00e7\u00f5es pessoais que fornecem no seu perfil de usu\u00e1rio. Todos os usu\u00e1rios podem ver, editar ou excluir suas informa\u00e7\u00f5es pessoais a qualquer momento (s\u00f3 n\u00e3o \u00e9 poss\u00edvel alterar o seu nome de usu\u00e1rio). Os administradores de sites tamb\u00e9m podem ver e editar estas informa\u00e7\u00f5es.<\/p>\n<p>IV \u2013 QUAIS OS SEUS DIREITOS SOBRE SEUS DADOS<\/p>\n<p>Se voc\u00ea tiver uma conta neste site ou se tiver deixado coment\u00e1rios, pode solicitar um arquivo exportado dos dados pessoais que mantemos sobre voc\u00ea, inclusive quaisquer dados que nos tenha fornecido. Tamb\u00e9m pode solicitar que removamos qualquer dado pessoal que mantemos sobre voc\u00ea. Isto n\u00e3o inclui nenhuns dados que somos obrigados a manter para prop\u00f3sitos administrativos, legais ou de seguran\u00e7a.<\/p>\n<p>V \u2013 PARA ONDE ENVIAMOS SEUS DADOS<\/p>\n<p>Coment\u00e1rios de visitantes podem ser marcados por um servi\u00e7o autom\u00e1tico de detec\u00e7\u00e3o de spam.<\/p>\n<p>VI \u2013 INFORMA\u00c7\u00d5ES DE CONTATO<\/p>\n<p>Endere\u00e7o:<\/p>\n<p>Rua 13 de Maio, 286, sala 709<br \/>\nEdif\u00edcio Medical Center<br \/>\nCEP 28010-260 \u2013 Centro<br \/>\nCampos dos Goytacazes \u2013 RJ<\/p>\n<p>Telefones:<\/p>\n<p><a href=\"tel:2227330355\">(22) 2733-0355<\/a><br \/>\n<a href=\"tel:22992148802\">(22) 99214-8802<\/a><\/p>\n<p>E-mail:<br \/>\n<a href=\"maito:contato@rafaelmartins.odo.br\">contato@rafaelmartins.odo.br<\/a><\/p>\n<p>VII \u2013 COMO PROTEGEMOS SEUS DADOS<\/p>\n<p>Todos os dados pessoais informados ao nosso site s\u00e3o armazenados em um banco de dados reservado e com acesso restrito a alguns funcion\u00e1rios habilitados, que s\u00e3o obrigados, por contrato, a manter a confidencialidade das informa\u00e7\u00f5es e n\u00e3o utiliz\u00e1-las inadequadamente. A pol\u00edtica de privacidade da www.rafaelmartins.odo.br visa a assegurar a garantia de que quaisquer informa\u00e7\u00f5es relativas aos usu\u00e1rios, fornecidas \u00e0 www.rafaelmartins.odo.br por estes, n\u00e3o ser\u00e3o comercializadas a terceiros. Informa\u00e7\u00f5es relativas aos usu\u00e1rios, fornecidas \u00e0 www.rafaelmartins.odo.br por estes, poder\u00e3o ser compartilhadas com prestadores de servi\u00e7os terceiros para fins \u00fanica e exclusivamente relacionados aos servi\u00e7os oferecidos pela www.rafaelmartins.odo.br.<\/p>\n<p>VIII \u2013 D\u00daVIDAS E SUGEST\u00d5ES<\/p>\n<p>Caso tenha qualquer d\u00favida ou sugest\u00e3o sobre seguran\u00e7a e privacidade, por favor, <a href=\"https:\/\/rafaelmartins.odo.br\/portal\/contato\/\">fale conosco<\/a>.<\/p>\n","protected":false},"excerpt":{"rendered":"<p>I &#8211; QUEM SOMOS O website www.rafaelmartins.odo.br \u00e9 de propriedade de Rafael Martins Est\u00fadio Odontol\u00f3gico Eireli, CNPJ 33.484.935\/0001-40. II \u2013 QUAIS DADOS PESSOAIS COLETAMOS O website www.rafaelmartins.odo.br coleta informa\u00e7\u00f5es do usu\u00e1rio de modo a prover servi\u00e7os de forma personalizada atrav\u00e9s de formul\u00e1rios de contato, newsletter, notifica\u00e7\u00f5es \u201cpush\u201d, formul\u00e1rio de coment\u00e1rios \u201ccookies\u201d. Essas informa\u00e7\u00f5es s\u00e3o importantes [&hellip;]<\/p>\n","protected":false},"author":1,"featured_media":0,"parent":0,"menu_order":0,"comment_status":"closed","ping_status":"open","template":"","meta":{"footnotes":""},"class_list":["post-3","page","type-page","status-publish","hentry"],"_links":{"self":[{"href":"https:\/\/rafaelmartins.odo.br\/portal\/wp-json\/wp\/v2\/pages\/3","targetHints":{"allow":["GET"]}}],"collection":[{"href":"https:\/\/rafaelmartins.odo.br\/portal\/wp-json\/wp\/v2\/pages"}],"about":[{"href":"https:\/\/rafaelmartins.odo.br\/portal\/wp-json\/wp\/v2\/types\/page"}],"author":[{"embeddable":true,"href":"https:\/\/rafaelmartins.odo.br\/portal\/wp-json\/wp\/v2\/users\/1"}],"replies":[{"embeddable":true,"href":"https:\/\/rafaelmartins.odo.br\/portal\/wp-json\/wp\/v2\/comments?post=3"}],"version-history":[{"count":4,"href":"https:\/\/rafaelmartins.odo.br\/portal\/wp-json\/wp\/v2\/pages\/3\/revisions"}],"predecessor-version":[{"id":22138,"href":"https:\/\/rafaelmartins.odo.br\/portal\/wp-json\/wp\/v2\/pages\/3\/revisions\/22138"}],"wp:attachment":[{"href":"https:\/\/rafaelmartins.odo.br\/portal\/wp-json\/wp\/v2\/media?parent=3"}],"curies":[{"name":"wp","href":"https:\/\/api.w.org\/{rel}","templated":true}]}}