{"id":38,"date":"2018-12-03T18:24:25","date_gmt":"2018-12-03T20:24:25","guid":{"rendered":"https:\/\/rafaelmartins.odo.br\/portal\/?page_id=38"},"modified":"2021-03-17T09:57:21","modified_gmt":"2021-03-17T12:57:21","slug":"contato","status":"publish","type":"page","link":"https:\/\/rafaelmartins.odo.br\/portal\/contato\/","title":{"rendered":"Contato"},"content":{"rendered":"<section class=\"wpb-content-wrapper\">[vc_row][vc_column width=&#8221;1\/2&#8243;][mk_padding_divider][mk_contact_form style=&#8221;classic&#8221; button_text=&#8221;Enviar&#8221; email=&#8221;contato@rafaelmartins.odo.br&#8221; phone=&#8221;true&#8221; href=&#8221;\/portal\/politica-de-privacidade\/&#8221; target=&#8221;_blank&#8221;][\/vc_column][vc_column width=&#8221;1\/2&#8243;][mk_padding_divider][vc_raw_html]JTNDbGluayUyMHJlbCUzRCUyMnN0eWxlc2hlZXQlMjIlMjBocmVmJTNEJTIyaHR0cHMlM0ElMkYlMkZjZG5qcy5jbG91ZGZsYXJlLmNvbSUyRmFqYXglMkZsaWJzJTJGZm9udC1hd2Vzb21lJTJGNC43LjAlMkZjc3MlMkZmb250LWF3ZXNvbWUubWluLmNzcyUyMiUzRSUwQSUzQ2klMjBjbGFzcyUzRCUyMmZhJTIwZmEtaG9tZSUyMiUyMHN0eWxlJTNEJTIyZm9udC1zaXplJTNBMjZweCUyMiUzRSUzQyUyRmklM0UlMjAlMjAlMjBSdWElMjAxMyUyMGRlJTIwTWFpbyUyQyUyMDI4NiUyQyUyMHNhbGElMjA3MDklM0NiciUyMCUyRiUzRSUwQUVkaWYlQzMlQURjaW8lMjBNZWRpY2FsJTIwQ2VudGVyJTNDYnIlMjAlMkYlM0UlMEFDRVAlMjAyODAxMC0yNjAlMjAtJTIwQ2VudHJvJTNDYnIlMjAlMkYlM0UlMEFDYW1wb3MlMjBkb3MlMjBHb3l0YWNhemVzJTIwLSUyMFJKJTBBJTNDYnIlMjAlMkYlM0UlM0NiciUyMCUyRiUzRSUwQSUzQ2klMjBjbGFzcyUzRCUyMmZhJTIwZmEtcGhvbmUlMjIlMjBzdHlsZSUzRCUyMmZvbnQtc2l6ZSUzQTI2cHglMjIlM0UlM0MlMkZpJTNFJTIwJTIwJTIwJTNDYSUyMGhyZWYlM0QlMjJ0ZWwlM0EyMjI3MzMtMDM1NSUyMiUzRSUyODIyJTI5JTIwMjczMy0wMzU1JTNDJTJGYSUzRSUwQSUzQ2JyJTIwJTJGJTNFJTNDYnIlMjAlMkYlM0UlMEElM0NpJTIwY2xhc3MlM0QlMjJmYSUyMGZhLW1vYmlsZS1waG9uZSUyMiUyMHN0eWxlJTNEJTIyZm9udC1zaXplJTNBMjZweCUyMiUzRSUzQyUyRmklM0UlMjAlMjAlMjAlM0NhJTIwaHJlZiUzRCUyMnRlbCUzQTIyOTkyMTQ4ODAyJTIyJTNFJTI4MjIlMjklMjA5OTIxNC04ODAyJTNDJTJGYSUzRSUwQSUzQ2JyJTIwJTJGJTNFJTNDYnIlMjAlMkYlM0UlMEElM0NpJTIwY2xhc3MlM0QlMjJmYSUyMGZhLWVudmVsb3BlJTIyJTIwc3R5bGUlM0QlMjJmb250LXNpemUlM0EyNnB4JTIyJTNFJTNDJTJGaSUzRSUyMCUyMCUyMCUzQ2ElMjBocmVmJTNEJTIybWFpbHRvJTNBY29udGF0byU0MHJhZmFlbG1hcnRpbnMub2RvLmJyJTIyJTNFY29udGF0byU0MHJhZmFlbG1hcnRpbnMub2RvLmJyJTNDJTJGYSUzRQ==[\/vc_raw_html][mk_advanced_gmaps latitude=&#8221;-21.76425&#8243; longitude=&#8221;-41.32373&#8243; address=&#8221;Rua 13 de Maio, 286, sala 709<br \/>\nEdif\u00edcio Medical Center<br \/>\n28010-260 &#8211; Centro<br \/>\nCampos dos Goytacazes &#8211; RJ&#8221; height=&#8221;400&#8243; map_zoom=&#8221;18&#8243;][\/vc_column][\/vc_row][vc_row][vc_column][vc_column_text]\n[\/vc_column_text][\/vc_column][\/vc_row][vc_row fullwidth=&#8221;true&#8221; fullwidth_content=&#8221;false&#8221; css=&#8221;.vc_custom_1543966645961{background-color: #ededed !important;}&#8221;][vc_column width=&#8221;2\/3&#8243;][mk_padding_divider][mk_fancy_title color=&#8221;#606060&#8243; size=&#8221;28&#8243; font_weight=&#8221;600&#8243; txt_transform=&#8221;uppercase&#8221; font_family=&#8221;none&#8221; align=&#8221;center&#8221;]agende a sua consulta[\/mk_fancy_title][mk_fancy_title color=&#8221;#606060&#8243; size=&#8221;28&#8243; font_weight=&#8221;600&#8243; txt_transform=&#8221;uppercase&#8221; font_family=&#8221;none&#8221; align=&#8221;center&#8221;]\n<h4>OU LIGUE PARA <a title=\"FONE\" href=\"tel:222733035\" target=\"_blank\" rel=\"noopener noreferrer\">(22) 2273-30355<\/a> | <a title=\"CELULAR\" href=\"tel:22992148802\" target=\"_blank\" rel=\"noopener noreferrer\">(22) 99214-8802<\/a><\/h4>\n[\/mk_fancy_title][mk_fancy_title color=&#8221;#dd9933&#8243; size=&#8221;22&#8243; font_weight=&#8221;500&#8243; font_style=&#8221;italic&#8221; txt_transform=&#8221;none&#8221; font_family=&#8221;Garamond, serif&#8221; font_type=&#8221;safefont&#8221; align=&#8221;center&#8221;]Quando da solicita\u00e7\u00e3o, caso o dia e\/ou hor\u00e1rio n\u00e3o estejam dispon\u00edveis, informaremos em tempo h\u00e1bil data e hor\u00e1rio alternativos.[\/mk_fancy_title][\/vc_column][vc_column width=&#8221;1\/3&#8243;][mk_padding_divider size=&#8221;80&#8243;][mk_button dimension=&#8221;flat&#8221; size=&#8221;large&#8221; url=&#8221;.\/agendamento-de-consulta\/&#8221; align=&#8221;center&#8221;]AGENDAR[\/mk_button][\/vc_column][\/vc_row]\n<\/section>","protected":false},"excerpt":{"rendered":"<p>[vc_row][vc_column width=&#8221;1\/2&#8243;][mk_padding_divider][mk_contact_form style=&#8221;classic&#8221; button_text=&#8221;Enviar&#8221; email=&#8221;contato@rafaelmartins.odo.br&#8221; phone=&#8221;true&#8221; href=&#8221;\/portal\/politica-de-privacidade\/&#8221; target=&#8221;_blank&#8221;][\/vc_column][vc_column width=&#8221;1\/2&#8243;][mk_padding_divider][vc_raw_html]JTNDbGluayUyMHJlbCUzRCUyMnN0eWxlc2hlZXQlMjIlMjBocmVmJTNEJTIyaHR0cHMlM0ElMkYlMkZjZG5qcy5jbG91ZGZsYXJlLmNvbSUyRmFqYXglMkZsaWJzJTJGZm9udC1hd2Vzb21lJTJGNC43LjAlMkZjc3MlMkZmb250LWF3ZXNvbWUubWluLmNzcyUyMiUzRSUwQSUzQ2klMjBjbGFzcyUzRCUyMmZhJTIwZmEtaG9tZSUyMiUyMHN0eWxlJTNEJTIyZm9udC1zaXplJTNBMjZweCUyMiUzRSUzQyUyRmklM0UlMjAlMjAlMjBSdWElMjAxMyUyMGRlJTIwTWFpbyUyQyUyMDI4NiUyQyUyMHNhbGElMjA3MDklM0NiciUyMCUyRiUzRSUwQUVkaWYlQzMlQURjaW8lMjBNZWRpY2FsJTIwQ2VudGVyJTNDYnIlMjAlMkYlM0UlMEFDRVAlMjAyODAxMC0yNjAlMjAtJTIwQ2VudHJvJTNDYnIlMjAlMkYlM0UlMEFDYW1wb3MlMjBkb3MlMjBHb3l0YWNhemVzJTIwLSUyMFJKJTBBJTNDYnIlMjAlMkYlM0UlM0NiciUyMCUyRiUzRSUwQSUzQ2klMjBjbGFzcyUzRCUyMmZhJTIwZmEtcGhvbmUlMjIlMjBzdHlsZSUzRCUyMmZvbnQtc2l6ZSUzQTI2cHglMjIlM0UlM0MlMkZpJTNFJTIwJTIwJTIwJTNDYSUyMGhyZWYlM0QlMjJ0ZWwlM0EyMjI3MzMtMDM1NSUyMiUzRSUyODIyJTI5JTIwMjczMy0wMzU1JTNDJTJGYSUzRSUwQSUzQ2JyJTIwJTJGJTNFJTNDYnIlMjAlMkYlM0UlMEElM0NpJTIwY2xhc3MlM0QlMjJmYSUyMGZhLW1vYmlsZS1waG9uZSUyMiUyMHN0eWxlJTNEJTIyZm9udC1zaXplJTNBMjZweCUyMiUzRSUzQyUyRmklM0UlMjAlMjAlMjAlM0NhJTIwaHJlZiUzRCUyMnRlbCUzQTIyOTkyMTQ4ODAyJTIyJTNFJTI4MjIlMjklMjA5OTIxNC04ODAyJTNDJTJGYSUzRSUwQSUzQ2JyJTIwJTJGJTNFJTNDYnIlMjAlMkYlM0UlMEElM0NpJTIwY2xhc3MlM0QlMjJmYSUyMGZhLWVudmVsb3BlJTIyJTIwc3R5bGUlM0QlMjJmb250LXNpemUlM0EyNnB4JTIyJTNFJTNDJTJGaSUzRSUyMCUyMCUyMCUzQ2ElMjBocmVmJTNEJTIybWFpbHRvJTNBY29udGF0byU0MHJhZmFlbG1hcnRpbnMub2RvLmJyJTIyJTNFY29udGF0byU0MHJhZmFlbG1hcnRpbnMub2RvLmJyJTNDJTJGYSUzRQ==[\/vc_raw_html][mk_advanced_gmaps latitude=&#8221;-21.76425&#8243; longitude=&#8221;-41.32373&#8243; address=&#8221;Rua 13 de Maio, 286, sala 709 Edif\u00edcio Medical Center 28010-260 &#8211; Centro Campos dos Goytacazes &#8211; RJ&#8221; height=&#8221;400&#8243; map_zoom=&#8221;18&#8243;][\/vc_column][\/vc_row][vc_row][vc_column][vc_column_text] [\/vc_column_text][\/vc_column][\/vc_row][vc_row fullwidth=&#8221;true&#8221; fullwidth_content=&#8221;false&#8221; css=&#8221;.vc_custom_1543966645961{background-color: #ededed !important;}&#8221;][vc_column width=&#8221;2\/3&#8243;][mk_padding_divider][mk_fancy_title color=&#8221;#606060&#8243; size=&#8221;28&#8243; font_weight=&#8221;600&#8243; txt_transform=&#8221;uppercase&#8221; font_family=&#8221;none&#8221; align=&#8221;center&#8221;]agende a sua consulta[\/mk_fancy_title][mk_fancy_title color=&#8221;#606060&#8243; size=&#8221;28&#8243; font_weight=&#8221;600&#8243; txt_transform=&#8221;uppercase&#8221; font_family=&#8221;none&#8221; align=&#8221;center&#8221;] OU LIGUE [&hellip;]<\/p>\n","protected":false},"author":1,"featured_media":0,"parent":0,"menu_order":0,"comment_status":"closed","ping_status":"closed","template":"","meta":{"footnotes":""},"class_list":["post-38","page","type-page","status-publish","hentry"],"_links":{"self":[{"href":"https:\/\/rafaelmartins.odo.br\/portal\/wp-json\/wp\/v2\/pages\/38","targetHints":{"allow":["GET"]}}],"collection":[{"href":"https:\/\/rafaelmartins.odo.br\/portal\/wp-json\/wp\/v2\/pages"}],"about":[{"href":"https:\/\/rafaelmartins.odo.br\/portal\/wp-json\/wp\/v2\/types\/page"}],"author":[{"embeddable":true,"href":"https:\/\/rafaelmartins.odo.br\/portal\/wp-json\/wp\/v2\/users\/1"}],"replies":[{"embeddable":true,"href":"https:\/\/rafaelmartins.odo.br\/portal\/wp-json\/wp\/v2\/comments?post=38"}],"version-history":[{"count":27,"href":"https:\/\/rafaelmartins.odo.br\/portal\/wp-json\/wp\/v2\/pages\/38\/revisions"}],"predecessor-version":[{"id":40,"href":"https:\/\/rafaelmartins.odo.br\/portal\/wp-json\/wp\/v2\/pages\/38\/revisions\/40"}],"wp:attachment":[{"href":"https:\/\/rafaelmartins.odo.br\/portal\/wp-json\/wp\/v2\/media?parent=38"}],"curies":[{"name":"wp","href":"https:\/\/api.w.org\/{rel}","templated":true}]}}