{"id":57,"date":"2018-12-03T23:36:44","date_gmt":"2018-12-04T01:36:44","guid":{"rendered":"https:\/\/rafaelmartins.odo.br\/portal\/?page_id=57"},"modified":"2021-02-08T11:39:54","modified_gmt":"2021-02-08T14:39:54","slug":"agendamento-de-consulta","status":"publish","type":"page","link":"https:\/\/rafaelmartins.odo.br\/portal\/agendamento-de-consulta\/","title":{"rendered":"Agendamento de Consulta"},"content":{"rendered":"<section class=\"wpb-content-wrapper\">[vc_row][vc_column][mk_padding_divider]<style type=\"text\/css\">.super-form:not(.super-initialized) *:not(.super-load-icon) { visibility: hidden !important; }<\/style><div id=\"super-form-62\" style=\"margin:0px 0px 0px 0px;\" class=\"super-form super-form-62  super-default-squared super-field-size-medium\" data-clear=\"true\" data-overlay=\"true\" data-field-size=\"medium\"><span class=\"super-load-icon\"><\/span><form tabindex=\"0\" autocomplete=\"on\" enctype=\"multipart\/form-data\"><input type=\"hidden\" name=\"sf_nonce\" value=\"\" \/><input type=\"text\" name=\"super_hp\" size=\"25\" value=\"\" \/><div class=\"super-shortcode super-field super-hidden\"><input class=\"super-shortcode-field\" type=\"hidden\" value=\"62\" name=\"hidden_form_id\" \/><\/div><div class=\"super-shortcode super-field super-heading   super-ungrouped  \"><div class=\"super-heading-title\"><h5>AGENDE UMA CONSULTA OU LIGUE PARA <a href=\"tel:2227333035\">(22) 2733-3035<\/a> | <a href=\"tel:22992148802\">(22) 99214-8802<\/a>.<\/h5><\/div><div class=\"super-heading-description\" ><div>Quando da solicita\u00e7\u00e3o, caso o dia e\/ou hor\u00e1rio n\u00e3o estejam dispon\u00edveis, informaremos em tempo h\u00e1bil data e hor\u00e1rio alternativos.<\/div><\/div><\/div><div class=\"super-grid super-shortcode\"><div class=\"super-shortcode super_one_half super-column grid-level-0 column-number-1 first-column \"><div class=\"super-shortcode super-field super-text  super-icon-outside super-icon-left  super-ungrouped  \"><div class=\"super-field-wrapper \"><i class=\"fas fa-user super-icon\"><\/i><input tabindex=\"-1\" class=\"super-shortcode-field\" type=\"text\" name=\"nome\" data-oname=\"nome\" data-message=\"Campo obrigat\u00f3rio!\" data-validation=\"empty\" data-email=\"Nome:\" data-exclude=\"0\" data-absolute-default=\"\" data-default-value=\"\" placeholder=\"Seu Nome\" \/><\/div><div class=\"super-error-msg\">Campo obrigat\u00f3rio!<\/div><div class=\"super-empty-error-msg\">Campo obrigat\u00f3rio!<\/div><\/div><div class=\"super-shortcode super-field super-text  super-icon-outside super-icon-left  super-ungrouped  \"><div class=\"super-field-wrapper \"><i class=\"fas fa-phone super-icon\"><\/i><input tabindex=\"-1\" class=\"super-shortcode-field\" type=\"text\" name=\"fone\" data-oname=\"fone\" data-message=\"Campo obrigat\u00f3rio!\" data-validation=\"phone\" data-email=\"Telefone:\" data-exclude=\"0\" data-absolute-default=\"\" data-default-value=\"\" placeholder=\"Seu Telefone\" \/><\/div><div class=\"super-error-msg\">Campo obrigat\u00f3rio!<\/div><div class=\"super-empty-error-msg\">Campo obrigat\u00f3rio!<\/div><\/div><div class=\"super-shortcode super-field super-date  super-icon-outside super-icon-left  super-ungrouped  \"><div class=\"super-field-wrapper \"><i class=\"fas fa-calendar-alt super-icon\"><\/i><input tabindex=\"-1\" class=\"super-shortcode-field super-datepicker\" type=\"text\" autocomplete=\"false\"  value=\"\" \r\n        name=\"data\" \r\n        data-format=\"dd-mm-yy\" \r\n        data-jsformat=\"dd-MM-yyyy\" \r\n        data-connected-min=\"\" \r\n        data-connected-min-days=\"-2\" \r\n        data-connected-max=\"\" \r\n        data-connected-max-days=\"1\" \r\n        data-range=\"-100:+5\" \r\n        data-first-day=\"1\"\r\n        data-localization=\"pt-BR\"\r\n        data-change-month=\"true\"\r\n        data-change-year=\"true\"\r\n        data-show-month-after-year=\"\"\r\n        data-show-week=\"\"\r\n        data-number-of-months=\"1\"\r\n        data-show-other-months=\"\"\r\n        data-select-other-months=\"false\" data-work-days=\"true\"data-maxPicks=\"1\" data-oname=\"data\" data-message=\"Campo obrigat\u00f3rio!\" data-validation=\"empty\" data-email=\"Data:\" data-exclude=\"0\" data-absolute-default=\"\" data-default-value=\"\" placeholder=\"Selecione Data\" data-minlength=\"1\" data-return_age=\"\" readonly=\"true\" \/><\/div><div class=\"super-error-msg\">Campo obrigat\u00f3rio!<\/div><div class=\"super-empty-error-msg\">Campo obrigat\u00f3rio!<\/div><\/div><\/div><div class=\"super-shortcode super_one_half super-column grid-level-0 column-number-2  \"><div class=\"super-shortcode super-field super-text  super-icon-outside super-icon-left  super-ungrouped  \"><div class=\"super-field-wrapper \"><i class=\"fas fa-envelope super-icon\"><\/i><input tabindex=\"-1\" class=\"super-shortcode-field\" type=\"text\" name=\"email\" data-oname=\"email\" data-message=\"Campo obrigat\u00f3rio!\" data-validation=\"email\" data-email=\"E-mail:\" data-exclude=\"0\" data-absolute-default=\"\" data-default-value=\"\" placeholder=\"Seu E-mail\" \/><\/div><div class=\"super-error-msg\">Campo obrigat\u00f3rio!<\/div><div class=\"super-empty-error-msg\">Campo obrigat\u00f3rio!<\/div><\/div><div class=\"super-shortcode super-field super-dropdown  super-icon-outside super-icon-left  super-ungrouped  \"><div class=\"super-field-wrapper \"><i class=\"fas fa-caret-square-down super-icon\"><\/i><input type=\"hidden\" class=\"super-shortcode-field\" name=\"especialidade\" value=\"\" data-oname=\"especialidade\" data-message=\"Campo obrigat\u00f3rio!\" data-validation=\"empty\" data-email=\"Especialidade:\" data-exclude=\"0\" data-absolute-default=\"\" data-default-value=\"\" placeholder=\"Selecione Especialidade\" \/><input tabindex=\"-1\" type=\"text\" name=\"super-dropdown-search\" value=\"\" data-logic=\"contains\" \/><ul class=\"super-dropdown-list\"><li data-value=\"\" class=\"super-item super-placeholder\">Selecione Especialidade<\/li><li class=\"super-item\" data-value=\"Cirurgia Oral Menor\" data-search-value=\"Cirurgia Oral Menor\"><div>Cirurgia Oral Menor<\/div><\/li><li class=\"super-item\" data-value=\"Endodontia\" data-search-value=\"Endodontia\"><div>Endodontia<\/div><\/li><li class=\"super-item\" data-value=\"Est\u00e9tica Dental\" data-search-value=\"Est\u00e9tica Dental\"><div>Est\u00e9tica Dental<\/div><\/li><li class=\"super-item\" data-value=\"Implantes\" data-search-value=\"Implantes\"><div>Implantes<\/div><\/li><li class=\"super-item\" data-value=\"Ortodontia\" data-search-value=\"Ortodontia\"><div>Ortodontia<\/div><\/li><li class=\"super-item\" data-value=\"Periodontia\" data-search-value=\"Periodontia\"><div>Periodontia<\/div><\/li><li class=\"super-item\" data-value=\"Pr\u00f3tese\" data-search-value=\"Pr\u00f3tese\"><div>Pr\u00f3tese<\/div><\/li><li class=\"super-item\" data-value=\"Reabilita\u00e7\u00e3o Oral\" data-search-value=\"Reabilita\u00e7\u00e3o Oral\"><div>Reabilita\u00e7\u00e3o Oral<\/div><\/li><li class=\"super-item\" data-value=\"Avalia\u00e7\u00e3o\" data-search-value=\"Avalia\u00e7\u00e3o\"><div>Avalia\u00e7\u00e3o<\/div><\/li><li class=\"super-item\" data-value=\"Outros\" data-search-value=\"Outros\"><div>Outros<\/div><\/li><\/ul><span class=\"super-dropdown-arrow\"><span class=\"super-after\"><i class=\"fas fa-caret-down\"><\/i><\/span><\/span><\/div><div class=\"super-error-msg\">Campo obrigat\u00f3rio!<\/div><div class=\"super-empty-error-msg\">Campo obrigat\u00f3rio!<\/div><\/div><div class=\"super-shortcode super-field super-time  super-icon-outside super-icon-left  super-ungrouped  \"><div style=\"width:px;\" class=\"super-field-wrapper \"><i class=\"fas fa-clock super-icon\"><\/i><input tabindex=\"-1\" class=\"super-shortcode-field super-timepicker\" type=\"text\" autocomplete=\"false\"  value=\"\" name=\"horario\" data-format=\"H:i\" data-step=\"60\" data-range=\"\" data-duration=\"false\" data-oname=\"horario\" data-message=\"Campo obrigat\u00f3rio\" data-validation=\"empty\" data-email=\"Hor\u00e1rio\" data-exclude=\"0\" data-absolute-default=\"\" data-default-value=\"\" placeholder=\"Selecione Hor\u00e1rio\" data-maxlength=\"19:00\" data-minlength=\"08:00\" \/><\/div><div class=\"super-error-msg\">Campo obrigat\u00f3rio<\/div><div class=\"super-empty-error-msg\">Campo obrigat\u00f3rio<\/div><\/div><\/div><\/div><div class=\"super-shortcode super-field super-checkbox  super-icon-outside super-icon-left  super-ungrouped   display-vertical\"><div class=\"super-field-wrapper \"><i class=\"fas fa-check-square super-icon\"><\/i><div class=\"super-items-list\"><label class=\"super-item\" ><span class=\"super-before\"><span class=\"super-after\"><\/span><\/span><input type=\"checkbox\" value=\"Concordo\" \/><div>Autorizo <b>Rafael Martins Odontologia<\/b> a coletar meus dados por meio deste formul\u00e1rio. Concordo com os <a href=\"\/portal\/termos-de-uso\/\" target=\"_blank\">Termos de Uso<\/a> e <a href=\"\/portal\/politica-de-privacidade\/\" target=\"_blank\">Pol\u00edtica de Privacidade<\/a> do website.<\/div><\/label><\/div><input class=\"super-shortcode-field\" type=\"hidden\" name=\"termoseprivacidade\" value=\"\" data-oname=\"termoseprivacidade\" data-message=\"Campo obrigat\u00f3rio!\" data-validation=\"empty\" data-email=\"Termos de Uso e Pol\u00edtica de Privacidade:\" data-exclude=\"2\" data-exclude-entry=\"true\" data-absolute-default=\"\" data-default-value=\"\" \/><\/div><div class=\"super-error-msg\">Campo obrigat\u00f3rio!<\/div><div class=\"super-empty-error-msg\">Campo obrigat\u00f3rio!<\/div><\/div><div class=\"super-shortcode super-field super-recaptcha  super-align-left  super-ungrouped  \"><div class=\"super-recaptcha align-left\" data-sitekey=\"6LecMSUTAAAAANQ-U0PsWDm7JiudmvozqS61I9kd\"><\/div><\/div><div data-color=\"#c07947\" data-light=\"#d48d5b\" data-dark=\"#a25b29\" data-hover-color=\"#bf4f00\" data-hover-light=\"#d36314\" data-hover-dark=\"#a13100\" data-font=\"#ffffff\" data-font-hover=\"#ffffff\" data-radius=\"square\" data-type=\"flat\" class=\"super-extra-shortcode super-shortcode super-field super-button super-clear-none super-form-button super-radius-square super-type-flat super-button-medium super-button-align-left super-button-width-auto\"><div data-href=\"\" class=\"super-button-wrap no_link\"><div class=\"super-button-name\" data-action=\"submit\" data-normal=\"AGENDAR\" data-loading=\"Carregando...\">AGENDAR<\/div><span class=\"super-after\"><\/span><\/div><\/div><\/form><\/div>[mk_padding_divider][mk_fancy_title color=&#8221;#606060&#8243; size=&#8221;28&#8243; font_weight=&#8221;600&#8243; txt_transform=&#8221;uppercase&#8221; font_family=&#8221;none&#8221; align=&#8221;center&#8221;]Depoimentos[\/mk_fancy_title][mk_testimonials style=&#8221;simple&#8221; count=&#8221;-1&#8243; text_color=&#8221;#848484&#8243; skill_color=&#8221;#000000&#8243; font_size=&#8221;14&#8243;][\/vc_column][\/vc_row]\n<\/section>","protected":false},"excerpt":{"rendered":"<p>[vc_row][vc_column][mk_padding_divider][mk_padding_divider][mk_fancy_title color=&#8221;#606060&#8243; size=&#8221;28&#8243; font_weight=&#8221;600&#8243; txt_transform=&#8221;uppercase&#8221; font_family=&#8221;none&#8221; align=&#8221;center&#8221;]Depoimentos[\/mk_fancy_title][mk_testimonials style=&#8221;simple&#8221; count=&#8221;-1&#8243; text_color=&#8221;#848484&#8243; skill_color=&#8221;#000000&#8243; font_size=&#8221;14&#8243;][\/vc_column][\/vc_row]<\/p>\n","protected":false},"author":1,"featured_media":0,"parent":0,"menu_order":0,"comment_status":"closed","ping_status":"closed","template":"","meta":{"footnotes":""},"class_list":["post-57","page","type-page","status-publish","hentry"],"_links":{"self":[{"href":"https:\/\/rafaelmartins.odo.br\/portal\/wp-json\/wp\/v2\/pages\/57","targetHints":{"allow":["GET"]}}],"collection":[{"href":"https:\/\/rafaelmartins.odo.br\/portal\/wp-json\/wp\/v2\/pages"}],"about":[{"href":"https:\/\/rafaelmartins.odo.br\/portal\/wp-json\/wp\/v2\/types\/page"}],"author":[{"embeddable":true,"href":"https:\/\/rafaelmartins.odo.br\/portal\/wp-json\/wp\/v2\/users\/1"}],"replies":[{"embeddable":true,"href":"https:\/\/rafaelmartins.odo.br\/portal\/wp-json\/wp\/v2\/comments?post=57"}],"version-history":[{"count":23,"href":"https:\/\/rafaelmartins.odo.br\/portal\/wp-json\/wp\/v2\/pages\/57\/revisions"}],"predecessor-version":[{"id":22020,"href":"https:\/\/rafaelmartins.odo.br\/portal\/wp-json\/wp\/v2\/pages\/57\/revisions\/22020"}],"wp:attachment":[{"href":"https:\/\/rafaelmartins.odo.br\/portal\/wp-json\/wp\/v2\/media?parent=57"}],"curies":[{"name":"wp","href":"https:\/\/api.w.org\/{rel}","templated":true}]}}